{"id":8,"date":"2016-11-19T12:54:37","date_gmt":"2016-11-19T11:54:37","guid":{"rendered":"http:\/\/snadaudweb.fr\/chorale\/?page_id=8"},"modified":"2017-01-05T08:00:55","modified_gmt":"2017-01-05T07:00:55","slug":"comment-mettre-en-ligne","status":"publish","type":"page","link":"https:\/\/snadaudweb.fr\/chorale\/comment-mettre-en-ligne\/","title":{"rendered":"Tuto : Mettre en ligne"},"content":{"rendered":"<p>Pour mettre en ligne :<\/p>\n<ol>\n<li>Se connecter (en haut \u00e0 droite)<\/li>\n<li>Dans le menu en haut, cliquer sur <em>cr\u00e9er<\/em> puis <em>article<\/em><\/li>\n<li>Saisir l&rsquo;article.<\/li>\n<li>Pour ajouter un fichier son ou une image, cliquer sur le bouton <em><em><em><em>Ajouter un m\u00e9dia<\/em><\/em><\/em><\/em><img loading=\"lazy\" class=\"alignnone size-full wp-image-44\" src=\"http:\/\/snadaudweb.fr\/chorale\/wp-content\/uploads\/2016\/11\/Ajout_media.png\" alt=\"ajout_media\" width=\"900\" height=\"304\" srcset=\"https:\/\/snadaudweb.fr\/chorale\/wp-content\/uploads\/2016\/11\/Ajout_media.png 900w, https:\/\/snadaudweb.fr\/chorale\/wp-content\/uploads\/2016\/11\/Ajout_media-300x101.png 300w, https:\/\/snadaudweb.fr\/chorale\/wp-content\/uploads\/2016\/11\/Ajout_media-768x259.png 768w\" sizes=\"(max-width: 709px) 85vw, (max-width: 909px) 67vw, (max-width: 1362px) 62vw, 840px\" \/>puis <em>Envoyer des fichiers<\/em> et <em>Choisir des fichiers<\/em><img loading=\"lazy\" class=\"alignnone size-full wp-image-45\" src=\"http:\/\/snadaudweb.fr\/chorale\/wp-content\/uploads\/2016\/11\/Select-media.png\" alt=\"select-media\" width=\"600\" height=\"230\" srcset=\"https:\/\/snadaudweb.fr\/chorale\/wp-content\/uploads\/2016\/11\/Select-media.png 600w, https:\/\/snadaudweb.fr\/chorale\/wp-content\/uploads\/2016\/11\/Select-media-300x115.png 300w\" sizes=\"(max-width: 600px) 85vw, 600px\" \/><\/li>\n<li>Ne pas oublier de cliquer sur le gros bouton bleu <em>Publier<\/em> \u00e0 droite pour valider.<\/li>\n<li>En cas de difficult\u00e9s ou de question : envoyez moi un courriel : <a href=\"mailto:snadaud@free.fr\">snadaud@free.fr<\/a> !<\/li>\n<\/ol>\n<p>&nbsp;<\/p>\n","protected":false},"excerpt":{"rendered":"<p>Pour mettre en ligne : Se connecter (en haut \u00e0 droite) Dans le menu en haut, cliquer sur cr\u00e9er puis article Saisir l&rsquo;article. Pour ajouter un fichier son ou une image, cliquer sur le bouton Ajouter un m\u00e9diapuis Envoyer des fichiers et Choisir des fichiers Ne pas oublier de cliquer sur le gros bouton bleu &hellip; <a href=\"https:\/\/snadaudweb.fr\/chorale\/comment-mettre-en-ligne\/\" class=\"more-link\">Continuer la lecture<span class=\"screen-reader-text\"> de &laquo;&nbsp;Tuto : Mettre en ligne&nbsp;&raquo;<\/span><\/a><\/p>\n","protected":false},"author":1,"featured_media":0,"parent":0,"menu_order":0,"comment_status":"closed","ping_status":"closed","template":"","meta":[],"_links":{"self":[{"href":"https:\/\/snadaudweb.fr\/chorale\/wp-json\/wp\/v2\/pages\/8"}],"collection":[{"href":"https:\/\/snadaudweb.fr\/chorale\/wp-json\/wp\/v2\/pages"}],"about":[{"href":"https:\/\/snadaudweb.fr\/chorale\/wp-json\/wp\/v2\/types\/page"}],"author":[{"embeddable":true,"href":"https:\/\/snadaudweb.fr\/chorale\/wp-json\/wp\/v2\/users\/1"}],"replies":[{"embeddable":true,"href":"https:\/\/snadaudweb.fr\/chorale\/wp-json\/wp\/v2\/comments?post=8"}],"version-history":[{"count":12,"href":"https:\/\/snadaudweb.fr\/chorale\/wp-json\/wp\/v2\/pages\/8\/revisions"}],"predecessor-version":[{"id":77,"href":"https:\/\/snadaudweb.fr\/chorale\/wp-json\/wp\/v2\/pages\/8\/revisions\/77"}],"wp:attachment":[{"href":"https:\/\/snadaudweb.fr\/chorale\/wp-json\/wp\/v2\/media?parent=8"}],"curies":[{"name":"wp","href":"https:\/\/api.w.org\/{rel}","templated":true}]}}